{"id":38,"date":"2010-10-03T13:38:30","date_gmt":"2010-10-03T10:38:30","guid":{"rendered":"http:\/\/www.rotarygherla.ro\/"},"modified":"2026-01-16T18:26:23","modified_gmt":"2026-01-16T16:26:23","slug":"membrii","status":"publish","type":"page","link":"https:\/\/www.rotarygherla.ro\/?page_id=38","title":{"rendered":"Membri"},"content":{"rendered":"<p>&nbsp;<\/p>\n<pre>&nbsp;<\/pre>\n<table style=\"border-collapse: collapse; width: 90.3346%; height: 1692px;\">\n<colgroup>\n<col width=\"29\">\n<col width=\"176\">\n<col width=\"173\"><\/colgroup>\n<tbody>\n<tr style=\"height: 10px;\">\n<td style=\"width: 4.64967%; height: 57px;\"><span style=\"font-family: tahoma, arial, helvetica, sans-serif; font-size: 12pt;\">1.<\/span><\/td>\n<td style=\"height: 57px; width: 44.1084%;\">\n<pre><span style=\"font-family: tahoma, arial, helvetica, sans-serif; font-size: 12pt;\">Balla Attila<\/span><\/pre>\n<\/td>\n<td style=\"height: 57px; width: 92.0314%;\">\n<pre><span style=\"font-family: tahoma, arial, helvetica, sans-serif; font-size: 12pt;\">past president<\/span><\/pre>\n<\/td>\n<\/tr>\n<tr style=\"height: 57px;\">\n<td style=\"width: 4.64967%; height: 57px;\"><span style=\"font-family: tahoma, arial, helvetica, sans-serif; font-size: 12pt;\">2.<\/span><\/td>\n<td style=\"height: 57px; width: 44.1084%;\">\n<pre><span style=\"font-family: tahoma, arial, helvetica, sans-serif; font-size: 12pt;\">Benedek Liliana<\/span><\/pre>\n<\/td>\n<td style=\"height: 57px; width: 92.0314%;\">&nbsp;<\/td>\n<\/tr>\n<tr style=\"height: 57px;\">\n<td style=\"width: 4.64967%; height: 57px;\"><span style=\"font-family: tahoma, arial, helvetica, sans-serif; font-size: 12pt;\">3.<\/span><\/td>\n<td style=\"height: 57px; width: 44.1084%;\">\n<pre><span style=\"font-family: tahoma, arial, helvetica, sans-serif; font-size: 12pt;\">Bikfalvi Mihai&nbsp; <a href=\"https:\/\/www.rotarygherla.ro\/wp-content\/uploads\/2020\/05\/paulharris.jpg\"><img loading=\"lazy\" decoding=\"async\" title=\"distins Paul Harris\" src=\"https:\/\/www.rotarygherla.ro\/wp-content\/uploads\/2010\/10\/paulharrism.jpg\" alt=\"paul harris\" width=\"17\" height=\"17\"><\/a><a href=\"https:\/\/www.rotarygherla.ro\/wp-content\/uploads\/2020\/05\/paulharris.jpg\"><img loading=\"lazy\" decoding=\"async\" title=\"distins Paul Harris\" src=\"https:\/\/www.rotarygherla.ro\/wp-content\/uploads\/2010\/10\/paulharrism.jpg\" alt=\"paul harris\" width=\"17\" height=\"17\"><\/a><\/span><\/pre>\n<\/td>\n<td style=\"height: 57px; width: 92.0314%;\">\n<pre><span style=\"font-family: tahoma, arial, helvetica, sans-serif; font-size: 12pt;\">past president<\/span><\/pre>\n<\/td>\n<\/tr>\n<tr style=\"height: 57px;\">\n<td style=\"width: 4.64967%; height: 57px;\"><span style=\"font-family: tahoma, arial, helvetica, sans-serif; font-size: 12pt;\">4.<\/span><\/td>\n<td style=\"height: 57px; width: 44.1084%;\">\n<pre><span style=\"font-family: tahoma, arial, helvetica, sans-serif; font-size: 12pt;\">Bob Andrei<\/span><\/pre>\n<\/td>\n<td style=\"height: 57px; width: 92.0314%;\">&nbsp;<\/td>\n<\/tr>\n<tr style=\"height: 57px;\">\n<td style=\"width: 4.64967%; height: 57px;\"><span style=\"font-family: tahoma, arial, helvetica, sans-serif; font-size: 12pt;\">5.<\/span><\/td>\n<td style=\"height: 57px; width: 44.1084%;\">\n<pre><span style=\"font-family: tahoma, arial, helvetica, sans-serif; font-size: 12pt;\">Gura M\u0103h\u0103lean Mircea Dorin<\/span><\/pre>\n<\/td>\n<td style=\"height: 57px; width: 92.0314%;\">\n<pre><span style=\"font-family: tahoma, arial, helvetica, sans-serif; font-size: 12pt;\">past president<\/span><\/pre>\n<\/td>\n<\/tr>\n<tr style=\"height: 57px;\">\n<td style=\"width: 4.64967%; height: 57px;\"><span style=\"font-family: tahoma, arial, helvetica, sans-serif; font-size: 12pt;\">6.<\/span><\/td>\n<td style=\"height: 57px; width: 44.1084%;\">\n<pre><span style=\"font-family: tahoma, arial, helvetica, sans-serif; font-size: 12pt;\">Hodi\u015f Marcel Ioan <a href=\"https:\/\/www.rotarygherla.ro\/wp-content\/uploads\/2020\/05\/paulharris.jpg\"><img loading=\"lazy\" decoding=\"async\" title=\"distins Paul Harris\" src=\"https:\/\/www.rotarygherla.ro\/wp-content\/uploads\/2010\/10\/paulharrism.jpg\" alt=\"paul harris\" width=\"17\" height=\"17\"><\/a><\/span><\/pre>\n<\/td>\n<td style=\"height: 57px; width: 92.0314%;\">\n<pre><span style=\"font-family: tahoma, arial, helvetica, sans-serif; font-size: 12pt;\">past president<\/span><\/pre>\n<\/td>\n<\/tr>\n<tr style=\"height: 57px;\">\n<td style=\"width: 4.64967%; height: 57px;\"><span style=\"font-family: tahoma, arial, helvetica, sans-serif; font-size: 12pt;\">7.<\/span><\/td>\n<td style=\"height: 57px; width: 44.1084%;\">\n<pre><span style=\"font-family: tahoma, arial, helvetica, sans-serif; font-size: 12pt;\">Iftinca Gheorghe<\/span><\/pre>\n<\/td>\n<td style=\"height: 57px; width: 92.0314%;\">\n<pre><span style=\"font-family: tahoma, arial, helvetica, sans-serif; font-size: 12pt;\">past president, trezorier 2025-2026<\/span><\/pre>\n<\/td>\n<\/tr>\n<tr style=\"height: 57px;\">\n<td style=\"width: 4.64967%; height: 57px;\"><span style=\"font-family: tahoma, arial, helvetica, sans-serif; font-size: 12pt;\">8.<\/span><\/td>\n<td style=\"height: 57px; width: 44.1084%;\">\n<pre><span style=\"font-family: tahoma, arial, helvetica, sans-serif; font-size: 12pt;\">Mihe\u015ftean Mircea Ioan<\/span><\/pre>\n<\/td>\n<td style=\"height: 57px; width: 92.0314%;\">&nbsp;<\/td>\n<\/tr>\n<tr style=\"height: 57px;\">\n<td style=\"width: 4.64967%; height: 57px;\"><span style=\"font-family: tahoma, arial, helvetica, sans-serif; font-size: 12pt;\">9.<\/span><\/td>\n<td style=\"height: 57px; width: 44.1084%;\">\n<pre><span style=\"font-family: tahoma, arial, helvetica, sans-serif; font-size: 12pt;\">Moldovan Adrian Sabin<\/span><\/pre>\n<\/td>\n<td style=\"height: 57px; width: 92.0314%;\">\n<pre><span style=\"font-family: tahoma, arial, helvetica, sans-serif; font-size: 12pt;\">past president<\/span><\/pre>\n<\/td>\n<\/tr>\n<tr style=\"height: 57px;\">\n<td style=\"width: 4.64967%; height: 57px;\"><span style=\"font-family: tahoma, arial, helvetica, sans-serif; font-size: 12pt;\">10.<\/span><\/td>\n<td style=\"height: 57px; width: 44.1084%;\">\n<pre><span style=\"font-family: tahoma, arial, helvetica, sans-serif; font-size: 12pt;\">Morar Vasile Alexandru<\/span><\/pre>\n<\/td>\n<td style=\"height: 57px; width: 92.0314%;\">\n<pre><span style=\"font-family: tahoma, arial, helvetica, sans-serif; font-size: 12pt;\">past president<\/span><\/pre>\n<\/td>\n<\/tr>\n<tr style=\"height: 57px;\">\n<td style=\"width: 4.64967%; height: 57px;\"><span style=\"font-family: tahoma, arial, helvetica, sans-serif; font-size: 12pt;\">11.<\/span><\/td>\n<td style=\"height: 57px; width: 44.1084%;\">\n<pre><span style=\"font-family: tahoma, arial, helvetica, sans-serif; font-size: 12pt;\">Oltean Razvan<\/span><\/pre>\n<\/td>\n<td style=\"height: 57px; width: 92.0314%;\">\n<pre>&nbsp;<\/pre>\n<\/td>\n<\/tr>\n<tr style=\"height: 57px;\">\n<td style=\"width: 4.64967%; height: 57px;\"><span style=\"font-family: tahoma, arial, helvetica, sans-serif; font-size: 12pt;\">12.<\/span><\/td>\n<td style=\"height: 57px; width: 44.1084%;\">\n<pre><span style=\"font-family: tahoma, arial, helvetica, sans-serif; font-size: 12pt;\">Pi\u0163igoi Adrian<\/span><\/pre>\n<\/td>\n<td style=\"height: 57px; width: 92.0314%;\">\n<pre><span style=\"font-family: tahoma, arial, helvetica, sans-serif; font-size: 12pt;\">past president<\/span><\/pre>\n<\/td>\n<\/tr>\n<tr style=\"height: 57px;\">\n<td style=\"width: 4.64967%; height: 57px;\"><span style=\"font-family: tahoma, arial, helvetica, sans-serif; font-size: 12pt;\">13.<\/span><\/td>\n<td style=\"height: 57px; width: 44.1084%;\">\n<pre><span style=\"font-family: tahoma, arial, helvetica, sans-serif; font-size: 12pt;\">Praz Pascal&nbsp; <img loading=\"lazy\" decoding=\"async\" src=\"https:\/\/www.rotarygherla.ro\/wp-content\/uploads\/2023\/05\/download.png\" alt=\"\" width=\"17\" height=\"17\"><\/span><\/pre>\n<\/td>\n<td style=\"height: 57px; width: 92.0314%;\">&nbsp;<\/td>\n<\/tr>\n<tr style=\"height: 57px;\">\n<td style=\"width: 4.64967%; height: 57px;\"><span style=\"font-family: tahoma, arial, helvetica, sans-serif; font-size: 12pt;\">14.<\/span><\/td>\n<td style=\"height: 57px; width: 44.1084%;\">\n<pre><span style=\"font-family: tahoma, arial, helvetica, sans-serif; font-size: 12pt;\">Sallai Csaba<\/span><\/pre>\n<\/td>\n<td style=\"height: 57px; width: 92.0314%;\"><span style=\"font-family: tahoma, arial, helvetica, sans-serif; font-size: 12pt;\">secretar 2025-2026<\/span><\/td>\n<\/tr>\n<tr style=\"height: 57px;\">\n<td style=\"width: 4.64967%; height: 57px;\"><span style=\"font-family: tahoma, arial, helvetica, sans-serif; font-size: 12pt;\">15.<\/span><\/td>\n<td style=\"height: 57px; width: 44.1084%;\">\n<pre><span style=\"font-family: tahoma, arial, helvetica, sans-serif; font-size: 12pt;\">S\u0103m\u0103rtean Iuliu<\/span><\/pre>\n<\/td>\n<td style=\"height: 57px; width: 92.0314%;\">&nbsp;<\/td>\n<\/tr>\n<tr style=\"height: 57px;\">\n<td style=\"width: 4.64967%; height: 57px;\"><span style=\"font-family: tahoma, arial, helvetica, sans-serif; font-size: 12pt;\">16.<\/span><\/td>\n<td style=\"height: 57px; width: 44.1084%;\">\n<pre><span style=\"font-family: tahoma, arial, helvetica, sans-serif; font-size: 12pt;\">Suciu-Ciulei Bogdan<\/span><\/pre>\n<\/td>\n<td style=\"height: 57px; width: 92.0314%;\">\n<pre><span style=\"font-family: tahoma, arial, helvetica, sans-serif; font-size: 12pt;\">past president<\/span><\/pre>\n<\/td>\n<\/tr>\n<tr style=\"height: 57px;\">\n<td style=\"width: 4.64967%; height: 57px;\"><span style=\"font-family: tahoma, arial, helvetica, sans-serif; font-size: 12pt;\">17.<\/span><\/td>\n<td style=\"height: 57px; width: 44.1084%;\">\n<pre><span style=\"font-family: tahoma, arial, helvetica, sans-serif; font-size: 12pt;\">Szasz Carol<\/span><\/pre>\n<\/td>\n<td style=\"height: 57px; width: 92.0314%;\"><span style=\"font-family: tahoma, arial, helvetica, sans-serif; font-size: 12pt;\">presedinte 2025-2026&nbsp;<\/span><\/td>\n<\/tr>\n<tr style=\"height: 60px;\">\n<td style=\"width: 4.64967%; height: 60px;\"><span style=\"font-size: 14pt; font-family: tahoma, arial, helvetica, sans-serif;\"><strong>&nbsp;<\/strong><\/span><\/td>\n<td style=\"height: 60px; width: 136.14%;\" colspan=\"2\">\n<pre><span style=\"font-size: 12pt; font-family: tahoma, arial, helvetica, sans-serif;\"><strong>Membri de onoare<\/strong><\/span><\/pre>\n<\/td>\n<\/tr>\n<tr style=\"height: 57px;\">\n<td style=\"width: 4.64967%; height: 57px;\"><span style=\"font-family: tahoma, arial, helvetica, sans-serif; font-size: 12pt;\">&nbsp;<\/span><\/td>\n<td style=\"height: 57px; width: 44.1084%;\">\n<pre><span style=\"font-family: tahoma, arial, helvetica, sans-serif; font-size: 12pt;\"><a href=\"http:\/\/ro.wikipedia.org\/wiki\/Florin_Piersic\" target=\"_blank\" rel=\"noopener\">Florin Piersic<\/a><\/span><\/pre>\n<\/td>\n<td style=\"height: 57px; width: 92.0314%;\"><span style=\"font-family: tahoma, arial, helvetica, sans-serif; font-size: 12pt;\">actor<\/span><\/td>\n<\/tr>\n<tr style=\"height: 57px;\">\n<td style=\"width: 4.64967%; height: 57px;\"><span style=\"font-family: tahoma, arial, helvetica, sans-serif; font-size: 12pt;\">&nbsp;<\/span><\/td>\n<td style=\"height: 57px; width: 44.1084%;\">\n<pre><span style=\"font-family: tahoma, arial, helvetica, sans-serif; font-size: 12pt;\"><a href=\"https:\/\/ro.wikipedia.org\/wiki\/Dorel_Vi\u0219an\" target=\"_blank\" rel=\"noopener\">Dorel Vi\u0219an<\/a><\/span><\/pre>\n<\/td>\n<td style=\"height: 57px; width: 92.0314%;\"><span style=\"font-family: tahoma, arial, helvetica, sans-serif; font-size: 12pt;\">actor<\/span><\/td>\n<\/tr>\n<tr style=\"height: 57px;\">\n<td style=\"width: 4.64967%; height: 57px;\"><span style=\"font-family: tahoma, arial, helvetica, sans-serif; font-size: 12pt;\">&nbsp;<\/span><\/td>\n<td style=\"height: 57px; width: 44.1084%;\">\n<pre><span style=\"font-family: tahoma, arial, helvetica, sans-serif; font-size: 12pt;\"><a href=\"http:\/\/www.uad.ro\/profesori\/design\/cristian_chesut\/index.htm\" target=\"_blank\" rel=\"noopener\">Cristian Che\u015fu\u0163<\/a><\/span><\/pre>\n<\/td>\n<td style=\"height: 57px; width: 92.0314%;\"><span style=\"font-family: tahoma, arial, helvetica, sans-serif; font-size: 12pt;\">prof. univ. dr. &#8211; prorector Universitatea de Art\u0103 \u0219i Design Cluj-Napoca<\/span><\/td>\n<\/tr>\n<tr style=\"height: 57px;\">\n<td style=\"width: 4.64967%; height: 57px;\"><span style=\"font-family: tahoma, arial, helvetica, sans-serif; font-size: 12pt;\">&nbsp;<\/span><\/td>\n<td style=\"height: 57px; width: 44.1084%;\">\n<pre><span style=\"font-family: tahoma, arial, helvetica, sans-serif; font-size: 12pt;\"><a href=\"https:\/\/www.linkedin.com\/in\/calinfarcas\/\" target=\"_blank\" rel=\"noopener\">Adrian C\u0103lin F\u0103rca\u0219<\/a><\/span><\/pre>\n<\/td>\n<td style=\"height: 57px; width: 92.0314%;\"><span style=\"font-family: tahoma, arial, helvetica, sans-serif; font-size: 12pt;\">lector univ. dr. &#8211; Universitatea Tehnic\u0103 din Cluj Napoca<\/span><\/td>\n<\/tr>\n<tr style=\"height: 54px;\">\n<td style=\"width: 4.64967%; height: 54px;\"><span style=\"font-family: tahoma, arial, helvetica, sans-serif; font-size: 12pt;\">&nbsp;<\/span><\/td>\n<td style=\"width: 44.1084%; height: 54px;\"><span style=\"font-family: tahoma, arial, helvetica, sans-serif; font-size: 12pt;\">Sorin T\u0103nase<\/span><\/td>\n<td style=\"width: 92.0314%; height: 54px;\"><span style=\"font-family: tahoma, arial, helvetica, sans-serif; font-size: 12pt;\">actor<\/span><\/td>\n<\/tr>\n<tr style=\"height: 10px;\">\n<td style=\"width: 4.64967%; height: 10px;\"><span style=\"font-family: tahoma, arial, helvetica, sans-serif; font-size: 12pt;\">&nbsp;<\/span><\/td>\n<td style=\"width: 44.1084%; height: 10px;\">\n<p id=\"firstHeading\" class=\"firstHeading mw-first-heading\"><span style=\"font-family: tahoma, arial, helvetica, sans-serif;\"><a href=\"https:\/\/ro.wikipedia.org\/wiki\/Vasile-Florin_Stamatian\"><span class=\"mw-page-title-main\" style=\"font-size: 12pt;\">Vasile-Florin Stamatian<\/span><\/a><\/span><\/p>\n<\/td>\n<td style=\"width: 92.0314%; height: 10px;\"><span style=\"font-family: tahoma, arial, helvetica, sans-serif; font-size: 12pt;\">Academician Prof. Univ. Dr., medic primar obstetric\u0103 ginecologie<\/span><\/td>\n<\/tr>\n<tr style=\"height: 57px;\">\n<td style=\"width: 4.64967%; height: 57px;\"><span style=\"font-family: tahoma, arial, helvetica, sans-serif; font-size: 12pt;\">&nbsp;<\/span><\/td>\n<td style=\"height: 57px; width: 44.1084%;\">\n<pre><span style=\"font-family: tahoma, arial, helvetica, sans-serif; font-size: 12pt;\"><a href=\"http:\/\/www.drotkerites.hu\" target=\"_blank\" rel=\"noopener\">Sudar Miklos&nbsp; <\/a><a href=\"http:\/\/www.drotkerites.hu\" target=\"_blank\" rel=\"noopener\"><img loading=\"lazy\" decoding=\"async\" src=\"https:\/\/www.rotarygherla.ro\/wp-content\/uploads\/2023\/05\/download-2.png\" alt=\"\" width=\"17\" height=\"17\"><\/a><\/span><\/pre>\n<\/td>\n<td style=\"height: 57px; width: 92.0314%;\">&nbsp;<\/td>\n<\/tr>\n<tr style=\"height: 57px;\">\n<td style=\"width: 4.64967%; height: 57px;\"><span style=\"font-family: tahoma, arial, helvetica, sans-serif; font-size: 12pt;\">&nbsp;<\/span><\/td>\n<td style=\"height: 57px; width: 44.1084%;\">\n<pre><span style=\"font-family: tahoma, arial, helvetica, sans-serif; font-size: 12pt;\">Sandor Kantor&nbsp; <a href=\"http:\/\/www.drotkerites.hu\" target=\"_blank\" rel=\"noopener\"><img loading=\"lazy\" decoding=\"async\" src=\"https:\/\/www.rotarygherla.ro\/wp-content\/uploads\/2023\/05\/download-2.png\" alt=\"\" width=\"17\" height=\"17\"><\/a><\/span><\/pre>\n<\/td>\n<td style=\"height: 57px; width: 92.0314%;\">&nbsp;<\/td>\n<\/tr>\n<tr style=\"height: 57px;\">\n<td style=\"width: 4.64967%; height: 57px;\"><span style=\"font-family: tahoma, arial, helvetica, sans-serif; font-size: 12pt;\">&nbsp;<\/span><\/td>\n<td style=\"height: 57px; width: 44.1084%;\">\n<pre><span style=\"font-family: tahoma, arial, helvetica, sans-serif; font-size: 12pt;\">Peter Varga&nbsp; <a href=\"http:\/\/www.drotkerites.hu\" target=\"_blank\" rel=\"noopener\"><img loading=\"lazy\" decoding=\"async\" src=\"https:\/\/www.rotarygherla.ro\/wp-content\/uploads\/2023\/05\/download-2.png\" alt=\"\" width=\"17\" height=\"17\"><\/a><\/span><\/pre>\n<\/td>\n<td style=\"height: 57px; width: 92.0314%;\">&nbsp;<\/td>\n<\/tr>\n<\/tbody>\n<\/table>\n<p style=\"text-align: left;\">&nbsp;<\/p>\n","protected":false},"excerpt":{"rendered":"<p>&nbsp; &nbsp; 1. Balla Attila past president 2. Benedek Liliana &nbsp; 3. Bikfalvi Mihai&nbsp; past president 4. Bob Andrei &nbsp; 5. Gura M\u0103h\u0103lean Mircea Dorin past president 6. Hodi\u015f Marcel Ioan past president 7. Iftinca Gheorghe past president, trezorier 2025-2026 8. Mihe\u015ftean Mircea Ioan &nbsp; 9. Moldovan Adrian Sabin past president 10. Morar Vasile Alexandru [&hellip;]<\/p>\n","protected":false},"author":1,"featured_media":0,"parent":0,"menu_order":0,"comment_status":"open","ping_status":"open","template":"","meta":{"ngg_post_thumbnail":0,"footnotes":""},"class_list":["post-38","page","type-page","status-publish","hentry"],"jetpack_sharing_enabled":true,"_links":{"self":[{"href":"https:\/\/www.rotarygherla.ro\/index.php?rest_route=\/wp\/v2\/pages\/38","targetHints":{"allow":["GET"]}}],"collection":[{"href":"https:\/\/www.rotarygherla.ro\/index.php?rest_route=\/wp\/v2\/pages"}],"about":[{"href":"https:\/\/www.rotarygherla.ro\/index.php?rest_route=\/wp\/v2\/types\/page"}],"author":[{"embeddable":true,"href":"https:\/\/www.rotarygherla.ro\/index.php?rest_route=\/wp\/v2\/users\/1"}],"replies":[{"embeddable":true,"href":"https:\/\/www.rotarygherla.ro\/index.php?rest_route=%2Fwp%2Fv2%2Fcomments&post=38"}],"version-history":[{"count":126,"href":"https:\/\/www.rotarygherla.ro\/index.php?rest_route=\/wp\/v2\/pages\/38\/revisions"}],"predecessor-version":[{"id":2538,"href":"https:\/\/www.rotarygherla.ro\/index.php?rest_route=\/wp\/v2\/pages\/38\/revisions\/2538"}],"wp:attachment":[{"href":"https:\/\/www.rotarygherla.ro\/index.php?rest_route=%2Fwp%2Fv2%2Fmedia&parent=38"}],"curies":[{"name":"wp","href":"https:\/\/api.w.org\/{rel}","templated":true}]}}