{"id":145,"date":"2010-11-01T19:49:13","date_gmt":"2010-11-01T17:49:13","guid":{"rendered":"http:\/\/www.rotarygherla.ro\/"},"modified":"2023-09-21T08:43:31","modified_gmt":"2023-09-21T05:43:31","slug":"contact","status":"publish","type":"page","link":"https:\/\/www.rotarygherla.ro\/?page_id=145","title":{"rendered":"Contact"},"content":{"rendered":"<p>\u00cent\u00e2lniri \u00een fiecare Miercuri, ora 20.00 , Hotel MARION***, Liviu Rebreanu 56A, Gherla,&nbsp;<\/p>\n<p>e-mail: club@rotarygherla.ro<\/p>\n<p style=\"text-align: left;\">ngg_shortcode_0_placeholder<\/p>\n<p style=\"padding-left: 80px;\"><iframe loading=\"lazy\" style=\"border: 0;\" src=\"https:\/\/www.google.com\/maps\/embed?pb=!1m18!1m12!1m3!1d2719.4997056561688!2d23.926975475711476!3d47.030424471142766!2m3!1f0!2f0!3f0!3m2!1i1024!2i768!4f13.1!3m3!1m2!1s0x4749bd034d22367d%3A0x1c12bfcf7206616f!2sRotary%20Club%20Gherla!5e0!3m2!1sro!2sro!4v1684481602161!5m2!1sro!2sro\" width=\"400\" height=\"300\" allowfullscreen=\"allowfullscreen\"><\/iframe><\/p>\n","protected":false},"excerpt":{"rendered":"<p>\u00cent\u00e2lniri \u00een fiecare Miercuri, ora 20.00 , Hotel MARION***, Liviu Rebreanu 56A, Gherla,&nbsp; e-mail: club@rotarygherla.ro<\/p>\n","protected":false},"author":2,"featured_media":0,"parent":0,"menu_order":0,"comment_status":"open","ping_status":"open","template":"","meta":{"ngg_post_thumbnail":0,"footnotes":""},"class_list":["post-145","page","type-page","status-publish","hentry"],"jetpack_sharing_enabled":true,"_links":{"self":[{"href":"https:\/\/www.rotarygherla.ro\/index.php?rest_route=\/wp\/v2\/pages\/145","targetHints":{"allow":["GET"]}}],"collection":[{"href":"https:\/\/www.rotarygherla.ro\/index.php?rest_route=\/wp\/v2\/pages"}],"about":[{"href":"https:\/\/www.rotarygherla.ro\/index.php?rest_route=\/wp\/v2\/types\/page"}],"author":[{"embeddable":true,"href":"https:\/\/www.rotarygherla.ro\/index.php?rest_route=\/wp\/v2\/users\/2"}],"replies":[{"embeddable":true,"href":"https:\/\/www.rotarygherla.ro\/index.php?rest_route=%2Fwp%2Fv2%2Fcomments&post=145"}],"version-history":[{"count":24,"href":"https:\/\/www.rotarygherla.ro\/index.php?rest_route=\/wp\/v2\/pages\/145\/revisions"}],"predecessor-version":[{"id":2441,"href":"https:\/\/www.rotarygherla.ro\/index.php?rest_route=\/wp\/v2\/pages\/145\/revisions\/2441"}],"wp:attachment":[{"href":"https:\/\/www.rotarygherla.ro\/index.php?rest_route=%2Fwp%2Fv2%2Fmedia&parent=145"}],"curies":[{"name":"wp","href":"https:\/\/api.w.org\/{rel}","templated":true}]}}