{"id":120,"date":"2010-11-01T15:18:22","date_gmt":"2010-11-01T13:18:22","guid":{"rendered":"http:\/\/www.rotarygherla.ro\/"},"modified":"2023-12-28T18:19:45","modified_gmt":"2023-12-28T16:19:45","slug":"actiuni","status":"publish","type":"page","link":"https:\/\/www.rotarygherla.ro\/?page_id=120","title":{"rendered":"Actiuni"},"content":{"rendered":"<ol reversed=\"\">\n<li><a class=\"row-title\" href=\"https:\/\/www.rotarygherla.ro\/?p=2499\" aria-label=\"\u201cRotirea Colanului la Rotary Club Gherla\u201d (Edit)\">Rotirea Colanului la Rotary Club Gherla<\/a><\/li>\n<li><a href=\"https:\/\/www.rotarygherla.ro\/?p=2293\">Proiect al liceenilor din Gherla, premiat la aniversarea a 13 ani de Club Rotary<\/a><\/li>\n<li><a href=\"https:\/\/www.rotarygherla.ro\/?p=2396\">Promenada inimilor, edi\u021bia 2021<\/a><\/li>\n<li><a href=\"https:\/\/www.rotarygherla.ro\/?p=2297\">Sal\u0103 de haloterapie la Gr\u0103dini\u021ba C\u0102SU\u021aA FERMECAT\u0102<\/a><\/li>\n<li><a href=\"https:\/\/www.rotarygherla.ro\/?p=2378\">Turneul de tenis Rotary Club Gherla, adresat copiilor, edi\u021bia a X-a<\/a><\/li>\n<li><a title=\"Difuzare de materiale de educa\u021bie sanitar\u0103 de prevenire a infec\u021biei cu Corona virus \u201d \u00een 100 loca\u021bii din Gherla \u00een colaborare cu tinerii din Interact Gherla si Tipografia Clickglobal GherlaPermanent Link to \" href=\"https:\/\/www.rotarygherla.ro\/?p=2256\">Difuzare de materiale de educa\u021bie sanitar\u0103 de prevenire a infec\u021biei cu Corona virus \u00een 100 loca\u021bii din Gherla \u00een colaborare cu tinerii din Interact Gherla si Tipografia Clickglobal Gherla<\/a><\/li>\n<li><a title=\"Ac\u021biune de cur\u0103\u021bare a digului, Rotary Club Gherla cu tineretul INTERACT din GherlaPermanent Link to \" href=\"https:\/\/www.rotarygherla.ro\/?p=2233\" rel=\"bookmark\">Ac\u021biune de cur\u0103\u021bare a digului, Rotary Club Gherla cu tineretul INTERACT din Gherla<\/a><\/li>\n<li><a title=\"Ac\u021biune Rotary \u0219i Crucea Ro\u0219ie German\u0103 la clasa elevilor cu cerin\u021be educa\u021bionale speciale de la Liceul Teoretic \u201eAna Ip\u0103tescu\u201d GherlaPermanent Link to \" href=\"https:\/\/www.rotarygherla.ro\/?p=2225\" rel=\"bookmark\">Ac\u021biune Rotary \u0219i Crucea Ro\u0219ie German\u0103 la clasa elevilor cu cerin\u021be educa\u021bionale speciale de la Liceul Teoretic \u201eAna Ip\u0103tescu\u201d Gherla<\/a><\/li>\n<li><a href=\"https:\/\/www.rotarygherla.ro\/?p=2374\">SUFLET ROM\u00c2NESC ATUNCI \u0218I ACUM<\/a><\/li>\n<li><a href=\"https:\/\/www.rotarygherla.ro\/?p=2366\">Promenada inimilor 2019<\/a><\/li>\n<li><a title=\"Conferin\u021b\u0103 Rotary Club Gherla \u201cFlora intestinal\u0103, secretul s\u0103n\u0103t\u0103\u021bii\u201dPermanent Link to \" href=\"https:\/\/www.rotarygherla.ro\/?p=2208\" rel=\"bookmark\">Conferin\u021b\u0103 Rotary Club Gherla \u201cFlora intestinal\u0103, secretul s\u0103n\u0103t\u0103\u021bii\u201d<\/a><\/li>\n<li><a title=\"Schimbare de pre\u0219edinte la Rotary Club GherlaPermanent Link to \" href=\"https:\/\/www.rotarygherla.ro\/?p=2189\" rel=\"bookmark\">Schimbare de pre\u0219edinte la Rotary Club Gherla<\/a><\/li>\n<li><a title=\"Turneul de tenis de c\u00e2mp \u2013 Cupa Rotary, edi\u021bia 2019Permanent Link to \" href=\"https:\/\/www.rotarygherla.ro\/?p=2164\" rel=\"bookmark\">Turneul de tenis de c\u00e2mp \u2013 Cupa Rotary, edi\u021bia 2019<\/a><\/li>\n<li><a title=\"Bal de caritate Rotary Club Gherla pentru copiii de la gr\u0103dini\u021ba C\u0103su\u021ba Fermecat\u0103, care vor avea o sal\u0103 de sarePermanent Link to \" href=\"https:\/\/www.rotarygherla.ro\/?p=2159\" rel=\"bookmark\">Bal de caritate Rotary Club Gherla pentru copiii de la gr\u0103dini\u021ba C\u0103su\u021ba Fermecat\u0103, care vor avea o sal\u0103 de sare<\/a><\/li>\n<li><a title=\"Mos Cr\u0103ciun la clasa special\u0103 de la liceul Ana Ip\u0103tescuPermanent Link to \" href=\"https:\/\/www.rotarygherla.ro\/?p=2133\" rel=\"bookmark\">Mos Cr\u0103ciun la clasa special\u0103 de la liceul Ana Ip\u0103tescu<\/a><\/li>\n<li><a title=\"Etapa a doua de dotare a spitalului de copii cu televizoarePermanent Link to \" href=\"https:\/\/www.rotarygherla.ro\/?p=2128\" rel=\"bookmark\">Etapa a doua de dotare a spitalului de copii cu televizoare<\/a><\/li>\n<li><a title=\"Ac\u021biune Rotary \u0219i Crucea Ro\u0219ie German\u0103 la clasa elevilor cu cerin\u021be educa\u021bionale speciale de la Liceul Teoretic \u201eAna Ip\u0103tescu\u201d GherlaPermanent Link to \" href=\"https:\/\/www.rotarygherla.ro\/?p=2116\">Ac\u021biune Rotary \u0219i Crucea Ro\u0219ie German\u0103 la clasa elevilor cu cerin\u021be educa\u021bionale speciale de la Liceul Teoretic \u201eAna Ip\u0103tescu\u201d Gherla<\/a><\/li>\n<li><a title=\"Cupa Rotary Club Gherla la tenis de c\u00e2mpPermanent Link to \" href=\"https:\/\/www.rotarygherla.ro\/?p=2060\">Cupa Rotary Club Gherla la tenis de c\u00e2mp<\/a><\/li>\n<li><a href=\"https:\/\/www.rotarygherla.ro\/?p=2030\">VIZITA SECRETARULUI GENERAL ROTARY INTERNATIONAL, MATTI HONKALA DIN FINLANDA, LA ROTARY CLUB GHERLA<\/a><\/li>\n<li><a href=\"https:\/\/www.rotarygherla.ro\/?p=2020\">\u201cM\u0102 JOC \u015eI CRESC, S\u0102N\u0102TATEA O \u00ceNGRIJESC!\u201d<\/a><\/li>\n<li><a title=\"Scrisoare deschis\u0103 pentru Rotary Club GherlaPermanent Link to \" href=\"https:\/\/www.rotarygherla.ro\/?p=2010\">Scrisoare deschis\u0103 pentru Rotary Club Gherla<\/a><\/li>\n<li><a title=\"Dorel Vi\u0219an, membru de onoare la balul de caritate Rotary Club GherlaPermanent Link to \" href=\"https:\/\/www.rotarygherla.ro\/?p=1999\" rel=\"bookmark\">Dorel Vi\u0219an, membru de onoare la balul de caritate Rotary Club Gherla<\/a><\/li>\n<li><a title=\"S-a inaugurat o sal\u0103 de sare la Gr\u0103dini\u021ba Arici Pogonici, cu sprijinul Rotary Club GherlaPermanent Link to \" href=\"https:\/\/www.rotarygherla.ro\/?p=1981\" rel=\"bookmark\">S-a inaugurat o sal\u0103 de sare la Gr\u0103dini\u021ba Arici Pogonici, cu sprijinul Rotary Club Gherla<\/a><\/li>\n<li><a title=\"Lansare de carte Cornel UdreaPermanent Link to \" href=\"https:\/\/www.rotarygherla.ro\/?p=1958\">Lansare de carte Cornel Udrea <\/a><\/li>\n<li><a title=\"Conferin\u021ba \u201cStil de via\u021b\u0103 s\u0103n\u0103tos\u201d cu dr. Nicolae H\u00e2ncuPermanent Link to \" href=\"https:\/\/www.rotarygherla.ro\/?p=1942\" rel=\"bookmark\">Conferin\u021ba \u201cStil de via\u021b\u0103 s\u0103n\u0103tos\u201d cu dr. Nicolae H\u00e2ncu <\/a><\/li>\n<li><a href=\"https:\/\/www.rotarygherla.ro\/?p=1932\">Donare defibrilator la Spitalul Municipal Gherla <\/a><\/li>\n<li><a href=\"https:\/\/www.rotarygherla.ro\/?p=1878\">Sprijin pentru copiii cu probleme speciale, la inceput de an scolar <\/a><\/li>\n<li><a href=\"https:\/\/www.rotarygherla.ro\/?p=1842\">Cupa Rotary la tenis<\/a><\/li>\n<li><a href=\"https:\/\/www.rotarygherla.ro\/?p=1862\">Schimbare presedinte Rotary Club Gherla 2017 \u2013 2018<\/a><\/li>\n<li><a href=\"https:\/\/www.rotarygherla.ro\/?p=1825\">Aniversare 70 de ani Cornel Udrea la Rotary Club Gherla<\/a><\/li>\n<li><a href=\"https:\/\/www.rotarygherla.ro\/?p=1818\">Mos Nicolae la liceul \u201cAna Ipatescu\u201d<\/a><\/li>\n<li><a href=\"https:\/\/www.rotarygherla.ro\/?p=1812\">Sponsorizari la spitalul de copii Gherla \u2013 etapa a II-a<\/a><\/li>\n<li><a href=\"https:\/\/www.rotarygherla.ro\/?p=1791\">Televizoare cadou pentru copiii interna\u0163i \u00een spital, \u00eentr-o ac\u0163iune caritabil\u0103 Rotary Club Gherla<\/a><\/li>\n<li><a href=\"https:\/\/www.rotarygherla.ro\/?p=1800\">Parteneriatul Rotary Club Gherla si Crucea Rosie Hanovra \u2013 Germania continua<\/a><\/li>\n<li><a href=\"https:\/\/www.rotarygherla.ro\/?p=1775\">Balul de caritate Rotary Club Gherla, ac\u0163iune pentru copiii de la sec\u0163ia de pediatrie a spitalului<\/a><\/li>\n<li><a href=\"https:\/\/www.rotarygherla.ro\/?p=1752\">Raluca Persa, o stea in devenire<\/a><\/li>\n<li><a href=\"https:\/\/www.rotarygherla.ro\/?p=1740\">Tabara gratuita Rotary Club Gherla 7 zile la Costinesti pentru 6 elevi de exceptie din Gherla \u2013 EDITIA 5<\/a><\/li>\n<li><a href=\"https:\/\/www.rotarygherla.ro\/?p=1723\">Pre\u015fedinte nou la Rotary Club Gherla<\/a><\/li>\n<li><a href=\"https:\/\/www.rotarygherla.ro\/?p=1702\">Turneul de tenis pentru copii Rotary Club Gherla la editia a V-a<\/a><\/li>\n<li><a href=\"https:\/\/www.rotarygherla.ro\/?p=1697\">Concert simfonic editia a III-a organizat de Rotary Club Gherla<\/a><\/li>\n<li><a href=\"https:\/\/www.rotarygherla.ro\/?p=1682\">Proiect comun Rotary Club Gherla si Rotary Club Kozarmisleny \u2013 Sala festiva Rotary de la liceul \u201cAna Ipatescu\u201d<\/a><\/li>\n<li><a href=\"https:\/\/www.rotarygherla.ro\/?p=1657\">Fii si tu Mos Nicolae \u2013 editia a II-a<\/a><\/li>\n<li><a href=\"https:\/\/www.rotarygherla.ro\/?p=1640\">Parteneriatul dintre Rotary Club Gherla si Crucea Rosie din Hanovra (Germania) pentru sprijinirea elevilor Scolii Gimnaziale Speciale Dej, sectia Gherla, continua\u2026..<\/a><\/li>\n<li><a href=\"https:\/\/www.rotarygherla.ro\/?p=1619\">Promenada inimilor 2015<\/a><\/li>\n<li><a href=\"https:\/\/www.rotarygherla.ro\/?p=1605\">Cupa Rotary Club Gherla la tenis si-a desemnat castigatorii<\/a><\/li>\n<li><a href=\"https:\/\/www.rotarygherla.ro\/?p=1597\">Bal de caritate la implinirea a 5 ani de Rotary Club la Gherla<\/a><\/li>\n<li><a href=\"https:\/\/www.rotarygherla.ro\/?p=1584\">\u201c\u015eCOALA ALTFEL\u201d, \u00eempreun\u0103 cu ROTARY CLUB GHERLA<\/a><\/li>\n<li><a href=\"https:\/\/www.rotarygherla.ro\/?p=1567\">Concert de ZIUA FEMEII, organizat de Rotary Club Gherla<\/a><\/li>\n<li><a href=\"https:\/\/www.rotarygherla.ro\/?p=1560\">Exemplu de harnicie in Gherla<\/a><\/li>\n<li><a href=\"https:\/\/www.rotarygherla.ro\/?p=1555\">Sortilemn \u2013 sprijin pentru Liceul Tehnologic, printr-o sponsorizare pentru Rotary Club Gherla<\/a><\/li>\n<li><a href=\"https:\/\/www.rotarygherla.ro\/?p=1537\">Ziua nationala a Romaniei sarbatorita si in 2014 de Rotary Club Gherla<\/a><\/li>\n<li><a href=\"https:\/\/www.rotarygherla.ro\/?p=1533\">Conferinta \u201cCOSMOSUL , PROVOCARE SI OPORTUNITATE \u201d sustinuta de cosmonautul Ing Dr Dumitru PRUNARIU<\/a><\/li>\n<li><a href=\"https:\/\/www.rotarygherla.ro\/?p=1529\">Conferinta \u201d Anticonceptia si bolile cu transmitere sexuala \u201d sustinuta de Prof Univ Dr Florin STAMATIAN elevilor de liceu din Gherla<\/a><\/li>\n<li><a href=\"https:\/\/www.rotarygherla.ro\/?p=1517\">\u201cIDENTITATEA NATIONALA IN EPOCA GLOBALIZARII\u201d Conferinta sustinuta de Academician Dr Ioan Aurel POP , Rectorul UBB Cluj Napoca<\/a><\/li>\n<li><a href=\"https:\/\/www.rotarygherla.ro\/?p=1472\">Promenada inimilor<\/a><\/li>\n<li><a href=\"https:\/\/www.rotarygherla.ro\/?p=1441\">AI GRIJ\u0102 DE S\u0102N\u0102TATEA TA<\/a><\/li>\n<li><a href=\"https:\/\/www.rotarygherla.ro\/?p=1431\">Vizita Guvernatorului Districtului 2241 Romania si Republica Molodva, dr. Petrisor Diculescu, la Rotary Club Gherla<\/a><\/li>\n<li><a href=\"https:\/\/www.rotarygherla.ro\/?p=1409\">Schimbare de \u015ftafet\u0103 la Rotary Club Gherla<\/a><\/li>\n<li><a href=\"https:\/\/www.rotarygherla.ro\/?p=1398\">Turneul de tenis pentru copii \u2013 Cupa Rotary Club Gherla \u2013 Editia a 4-a<\/a><\/li>\n<li><a href=\"https:\/\/www.rotarygherla.ro\/?p=1386\">Concert prepascal cu corala \u2018Armonia\u2019 la Catedrala armeano-catolica<\/a><\/li>\n<li><a href=\"https:\/\/www.rotarygherla.ro\/?p=1373\">Proiect comun international: Rotary Club Gherla si Rotary Club Koz\u00e1rmisleny \u201e\u00cempreun\u0103 pentru comunitate\u201d, constand in dotarea cu un sistem logistic \u015fi de produc\u0163ie pentru imprimare din cadrul atelierului-\u015fcoal\u0103, a Liceului Tehnologic Gherla si Balul de Caritate Rotary Club Gherla<\/a><\/li>\n<li><a href=\"https:\/\/www.rotarygherla.ro\/?p=1364\">CONCERT DE COLINDE \u2013 Edi\u0163ia a 4-a<\/a><\/li>\n<li><a href=\"https:\/\/www.rotarygherla.ro\/?p=155\">Sprijin financiar pentru medicamente, oferit pensionarilor cu pensii mici<\/a><\/li>\n<li><a href=\"https:\/\/www.rotarygherla.ro\/?p=1334\">Vizita Guvernatorului District 2241, Prof Univ Dr Marian MOCAN, la Rotary Club Gherla<\/a><\/li>\n<li><a href=\"https:\/\/www.rotarygherla.ro\/?p=1319\">RALIUL ROTARY CLUB GHERLA EDITIA a 4-a<\/a><\/li>\n<li><a href=\"https:\/\/www.rotarygherla.ro\/?p=1308\">Rotary Club Gherla invita toti gherlenii la \u201cPROMENADA INIMILOR\u201d<\/a><\/li>\n<li><a href=\"https:\/\/www.rotarygherla.ro\/?p=1351\">Rotary Club Gherla, partener al unui turneu muzical in Rom\u00e2nia al lui Marc Aymon, cunoscut c\u00e2nt\u0103re\u0163 elve\u0163ian al genului muzical vari\u00e9t\u00e9 fran\u00e7aise<\/a><\/li>\n<li><a href=\"https:\/\/www.rotarygherla.ro\/?p=1277\">Festivitate schimbare a presedintelui 2013<\/a><\/li>\n<li><a href=\"https:\/\/www.rotarygherla.ro\/?p=1293\">Tab\u0103ra \u201cROTARY CLUB GHERLA la COSTINESTI\u201c \u2013 Edi\u0163ia a II-a 2013<\/a><\/li>\n<li><a href=\"https:\/\/www.rotarygherla.ro\/?p=1261\">Turneul de tenis pentru copii \u2013 Cupa Rotary Club Gherla \u2013 Editia a 3-a<\/a><\/li>\n<li><a href=\"https:\/\/www.rotarygherla.ro\/?p=1248\">Chartarea Rotary Club Nasaud \u2013 nasi Rotary Club Gherla<\/a><\/li>\n<li><a href=\"https:\/\/www.rotarygherla.ro\/?p=1228\">Intalnire Rotary Club Gherla la Restaurantul \u201c7\u00d74 Cola\u201d cu pensionarii beneficiari ai programuluide sprijin financiar pentru medicamente compensate<\/a><\/li>\n<li><a href=\"https:\/\/www.rotarygherla.ro\/?p=1216\">Bursierul 2012-1013 Rotary Club Gherla, elevul Adorean Emanuel, a obtinut premiul I la Sesiunea de Comunic\u0103ri \u015etiin\u0163ifice ale Elevilor la Geografie din Cluj Napoca<\/a><\/li>\n<li><a href=\"https:\/\/www.rotarygherla.ro\/?p=1198\">Excursie pentru elevi cu Asociatia de Prietenie Gherla-Nendaz si Rotary Club Gherla<\/a><\/li>\n<li><a href=\"https:\/\/www.rotarygherla.ro\/?p=1177\">Infratire Rotary Club Gherla \u2013 Rotary Club Koz\u00e1rmisleny (Ungaria). Bal de caritate<\/a><\/li>\n<li><a href=\"https:\/\/www.rotarygherla.ro\/?p=1153\">Concert de colinde \u201eG\u00eend curat \u2013 s\u0103rb\u0103tori de suflet\u201d<\/a><\/li>\n<li><a href=\"https:\/\/www.rotarygherla.ro\/?p=1145\">FII \u015eI TU MO\u015e CR\u0102CIUN!<\/a><\/li>\n<li><a href=\"https:\/\/www.rotarygherla.ro\/?p=1129\">Lansare de carte \u00een colaborare cu Rotary Club Gherla \u201cARMENOLOLIS \u2013 ORA\u015e BAROC \u201c autor Arhitect POP VIRGIL<\/a><\/li>\n<li><a href=\"https:\/\/www.rotarygherla.ro\/?p=1114\">Memento cultural realizat de Rotary Club Gherla, cu actorul si poetul Dorel Vi\u015fan<\/a><\/li>\n<li><a href=\"https:\/\/www.rotarygherla.ro\/?p=1103\">25 Octombrie \u2013 Ziua Armatei Romane \u2013 S\u0103rb\u0103torit\u0103 de Rotary Club Gherla<\/a><\/li>\n<li><a href=\"https:\/\/www.rotarygherla.ro\/?p=1081\">Lansare de carte si simpozion comemorativ Profesor Dr. Ion Apostol Popescu<\/a><\/li>\n<li><a href=\"https:\/\/www.rotarygherla.ro\/?p=1066\">Cancerul de col uterin, depistarea precoce, importan\u0163a testului Babes-Papanicolau<\/a><\/li>\n<li><a href=\"https:\/\/www.rotarygherla.ro\/?p=1036\">Edi\u0163ia a 3-a a raliului Rotary Gherla<\/a><\/li>\n<li><a href=\"https:\/\/www.rotarygherla.ro\/?p=1059\">Burse Rotary pentru excelen\u0163\u0103 \u00een anul \u015fcolar 2012-2013, pentru elevii de la liceele din Gherla<\/a><\/li>\n<li><a href=\"https:\/\/www.rotarygherla.ro\/?p=1022\">Descopera Transilvania! 1000 de bilete gratuite la muzee din Cluj<\/a><\/li>\n<li><a href=\"https:\/\/www.rotarygherla.ro\/?p=1013\">Tabara in muntii Apuseni pentru 15 copii ai centrului de zi al Asociatiei Familia Regasita<\/a><\/li>\n<li><a href=\"https:\/\/www.rotarygherla.ro\/?p=994\">Scrisoare deschisa catre Rotary Club Gherla<\/a><\/li>\n<li><a href=\"https:\/\/www.rotarygherla.ro\/?p=984\">Presedintele 2012-2013 la Rotary Club Gherla<\/a><\/li>\n<li><a href=\"https:\/\/www.rotarygherla.ro\/?p=963\">Turneul de tenis de c\u00e2mp Rotary Club Gherla, edi\u0163ia a 2-a<\/a><\/li>\n<li><a href=\"https:\/\/www.rotarygherla.ro\/?p=955\">Inve\u0163i bine? Mergi in tab\u0103r\u0103 la Costine\u015fti, cu Rotary Club Gherla!<\/a><\/li>\n<li><a href=\"https:\/\/www.rotarygherla.ro\/?p=939\">Int\u00e2lnire festiv\u0103 a membrilor Rotary Club Gherla cu reprezentantul Presedintelui Rotary International Domnul Lalit Mohan Gupta \u015fi Guvernatorul Districtului 2241 Prof Univ Dr Ioan Sbarciu, insotit de membri ai bordului Districtului 2241<\/a><\/li>\n<li><a href=\"https:\/\/www.rotarygherla.ro\/?p=919\">Premierea \u015eefilor de Promo\u0163ie 2011-2012 de la cele trei licee din Gherla si carti pentru toti premiantii claselor I-XII de la Liceul Ana Ipatescu<\/a><\/li>\n<li><a href=\"https:\/\/www.rotarygherla.ro\/?p=908\">Un regal cultural pentru generozitate: Balul \u201dRotary Club Gherla\u201d editia 2012<\/a><\/li>\n<li><a href=\"https:\/\/www.rotarygherla.ro\/?p=877\">C\u0103r\u0163ile colegilor: Ion Apostol Popescu<\/a><\/li>\n<li><a href=\"https:\/\/www.rotarygherla.ro\/?p=864\">\u201cPlantam pentru viitor\u201d si \u201cScoala altfel\u201d<\/a><\/li>\n<li><a href=\"https:\/\/www.rotarygherla.ro\/?p=902\">\u00cent\u00e2lnire rotarian\u0103 la Yzeure<\/a><\/li>\n<li><a href=\"https:\/\/www.rotarygherla.ro\/?p=849\">ANIVERSARE \u2013 CORNEL UDREA \u201965<\/a><\/li>\n<li><a href=\"https:\/\/www.rotarygherla.ro\/?p=823\">Rotary Club Gherla este alaturi de bolnavii aflati in dificultate<\/a><\/li>\n<li><a href=\"https:\/\/www.rotarygherla.ro\/?p=727\">Conf. Univ. Dr. Che\u015fu\u0163 Cristian , Decanul Facult\u0103\u0163ii de Arte Decorative \u015fi Design din cadrul Universit\u0103\u0163ii de Art\u0103 \u015fi Design Cluj-Napoca , a fost primit ca Membru de Onoare al Rotary Club Gherla<\/a><\/li>\n<li><a href=\"https:\/\/www.rotarygherla.ro\/?p=675\">Regal de colinde la Gherla: \u201cSuflete instelate, cetina de brad\u201d<\/a><\/li>\n<li><a href=\"https:\/\/www.rotarygherla.ro\/?p=683\">DAR DIN SUFLET PENTRU SUFLET<\/a><\/li>\n<li><a href=\"https:\/\/www.rotarygherla.ro\/?p=612\">Actiune umanitara pentru o pensionara din Gherla<\/a><\/li>\n<li><a href=\"https:\/\/www.rotarygherla.ro\/?p=596\">Rotary Club Gherla sprijina talentele<\/a><\/li>\n<li><a href=\"https:\/\/www.rotarygherla.ro\/?p=713\">Rotary Club Gherla recunoaste valorile culturale gherlene<\/a><\/li>\n<li><a href=\"https:\/\/www.rotarygherla.ro\/?p=580\">Actorul Mircea Albulescu, membru de onoare al Rotary Club Gherla<\/a><\/li>\n<li><a href=\"https:\/\/www.rotarygherla.ro\/?p=564\">Invitatie la teatru: actorul Mircea Albulescu la auditia piesei \u201cArmistitiu cu morile de vant\u201d, de Cornel Udrea<\/a><\/li>\n<li><a href=\"https:\/\/www.rotarygherla.ro\/?p=653\">Bursa \u201eRotary Club Gherla\u201d pentru excelenta<\/a><\/li>\n<li><a href=\"https:\/\/www.rotarygherla.ro\/?p=634\">Rotary Club Gherla premiaza echipa de fotbal juniorilor Atletic Olimpia Gherla pentru castigarea titlului de Campioni Nationali la Fotbal<\/a><\/li>\n<li><a href=\"https:\/\/www.rotarygherla.ro\/?p=695\">Excursie la manastirile Rohia si Rohita, oferita de Rotary Club Gherla pensionarilor cu pensii mici din Gherla<\/a><\/li>\n<li><a href=\"https:\/\/www.rotarygherla.ro\/?p=660\">Turneu de tenis amatori Rotary Gherla<\/a><\/li>\n<li><a href=\"https:\/\/www.rotarygherla.ro\/?p=649\">Seara de Cabaret la Gherla Organizata de Rotary Club Gherla: \u201eMuzica Senei pe valea Somesului\u201d<\/a><\/li>\n<li><a href=\"https:\/\/www.rotarygherla.ro\/?p=544\">Raliul Rotary, editia a-II-a<\/a><\/li>\n<li><a href=\"https:\/\/www.rotarygherla.ro\/?p=671\">Sub semnul solidarit\u0103\u0163ii cu suferin\u0163a poporului japonez la cutremurul din 11 martie 2011 , Rotary Club Gherla, \u00een colaborare cu Studioul de Radio Cluj si Ziarul F\u0103clia, a organizat la Sala Radio Cluj Napoca un spectacol de caritate intitulat \u201cNOAPTE LA LUMINA ZILEI\u201d<\/a><\/li>\n<li><a href=\"https:\/\/www.rotarygherla.ro\/?p=457\">Rotary are grij\u0103 de copii<\/a><\/li>\n<li><a href=\"https:\/\/www.rotarygherla.ro\/?p=639\">Concert Dumitru Farcas, cadoul de 8 Martie oferit Gherlei de catre Rotary Club Gherla<\/a><\/li>\n<li><a href=\"https:\/\/www.rotarygherla.ro\/?p=432\">Speran\u0163e pentru viitor<\/a><\/li>\n<li><a href=\"https:\/\/www.rotarygherla.ro\/?p=657\">Rotary Club Gherla readuce in sfarsit teatrul la Gherla<\/a><\/li>\n<li><a href=\"https:\/\/www.rotarygherla.ro\/?p=665\">Maestrul FLORIN PIERSIC, membru de onoare Rotary Club Gherla. BAL DE CARITATE ORGANIZAT DE ROTARY CLUB GHERLA<\/a><\/li>\n<li><a href=\"https:\/\/www.rotarygherla.ro\/?p=668\">Maestrul CORNEL UDREA, MEMBRU DE ONOARE al Rotary Club Gherla<\/a><\/li>\n<li><a href=\"https:\/\/www.rotarygherla.ro\/?p=26\">Raliul Rotary Gherla<\/a><\/li>\n<li><a href=\"https:\/\/www.rotarygherla.ro\/?p=247\">Gala Muzical\u0103 Tiberiu Coste<\/a><\/li>\n<li><a href=\"https:\/\/www.rotarygherla.ro\/?p=210\">Fascina\u021bia Muzicii \u0219i Rotary Club Gherla<\/a><\/li>\n<li><a href=\"https:\/\/www.rotarygherla.ro\/?p=136\">Pentru sanatatea copiilor<\/a><\/li>\n<li><a href=\"https:\/\/www.rotarygherla.ro\/?p=128\">Concurs de pescuit<\/a><\/li>\n<li><a href=\"https:\/\/www.rotarygherla.ro\/?p=34\">Ziua Nationala a Curateniei<\/a><\/li>\n<li><a href=\"https:\/\/www.rotarygherla.ro\/?p=692\">Rotary Club Gherla omagiaza meritele unui mare patriot, Colonelul Adrian Vilaia, cu ocazia aniversarii venerabilei varste de 100 ani<\/a><\/li>\n<li><a href=\"https:\/\/www.rotarygherla.ro\/?p=1\">Festivitatea de chartare<\/a><\/li>\n<\/ol>\n","protected":false},"excerpt":{"rendered":"<p>Rotirea Colanului la Rotary Club Gherla Proiect al liceenilor din Gherla, premiat la aniversarea a 13 ani de Club Rotary Promenada inimilor, edi\u021bia 2021 Sal\u0103 de haloterapie la Gr\u0103dini\u021ba C\u0102SU\u021aA FERMECAT\u0102 Turneul de tenis Rotary Club Gherla, adresat copiilor, edi\u021bia a X-a Difuzare de materiale de educa\u021bie sanitar\u0103 de prevenire a infec\u021biei cu Corona virus [&hellip;]<\/p>\n","protected":false},"author":2,"featured_media":0,"parent":0,"menu_order":0,"comment_status":"open","ping_status":"open","template":"","meta":{"ngg_post_thumbnail":0,"footnotes":""},"class_list":["post-120","page","type-page","status-publish","hentry"],"jetpack_sharing_enabled":true,"_links":{"self":[{"href":"https:\/\/www.rotarygherla.ro\/index.php?rest_route=\/wp\/v2\/pages\/120","targetHints":{"allow":["GET"]}}],"collection":[{"href":"https:\/\/www.rotarygherla.ro\/index.php?rest_route=\/wp\/v2\/pages"}],"about":[{"href":"https:\/\/www.rotarygherla.ro\/index.php?rest_route=\/wp\/v2\/types\/page"}],"author":[{"embeddable":true,"href":"https:\/\/www.rotarygherla.ro\/index.php?rest_route=\/wp\/v2\/users\/2"}],"replies":[{"embeddable":true,"href":"https:\/\/www.rotarygherla.ro\/index.php?rest_route=%2Fwp%2Fv2%2Fcomments&post=120"}],"version-history":[{"count":124,"href":"https:\/\/www.rotarygherla.ro\/index.php?rest_route=\/wp\/v2\/pages\/120\/revisions"}],"predecessor-version":[{"id":2472,"href":"https:\/\/www.rotarygherla.ro\/index.php?rest_route=\/wp\/v2\/pages\/120\/revisions\/2472"}],"wp:attachment":[{"href":"https:\/\/www.rotarygherla.ro\/index.php?rest_route=%2Fwp%2Fv2%2Fmedia&parent=120"}],"curies":[{"name":"wp","href":"https:\/\/api.w.org\/{rel}","templated":true}]}}